{"id":5202,"date":"2023-02-13T06:51:31","date_gmt":"2023-02-13T06:51:31","guid":{"rendered":"http:\/\/vrtec-radenci.si\/?page_id=5202"},"modified":"2025-03-12T16:32:36","modified_gmt":"2025-03-12T16:32:36","slug":"svetovalna-sluzba","status":"publish","type":"page","link":"https:\/\/vrtec-radenci.si\/?page_id=5202","title":{"rendered":"Svetovalna slu\u017eba"},"content":{"rendered":"<p>[vc_row][vc_column][stm_title title_align=&#8221;center&#8221; title_margin_t=&#8221;5px&#8221; title_margin_b=&#8221;31px&#8221; title=&#8221;Svetovalna slu\u017eba&#8221;][\/stm_title][\/vc_column][\/vc_row][vc_row][vc_column width=&#8221;3\/4&#8243;][vc_column_text]Temeljni cilj vrtca ter v tem okviru tudi svetovalne slu\u017ebe v vrtcu, je optimalni razvoj otroka ne glede na spol, socialno in kulturno poreklo, veroizpoved, narodno pripadnost ter telesno in du\u0161evno konstitucijo.<br \/>\nNjena temeljna naloga je, da se na podlagi strokovnega znanja preko svetovalnega odnosa in na strokovno avtonomni na\u010din vklju\u010duje v kompleksno re\u0161evanje pedago\u0161kih, psiholo\u0161kih in socialnih vpra\u0161anj vzgojno-izobra\u017eevalnega dela v vrtcu, da pomaga in sodeluje z vsemi udele\u017eenci v vrtcu in po potrebi tudi z zunanjimi ustanovami.<\/p>\n<p>Osnovna podro\u010dja dejavnosti svetovalne slu\u017ebe v vrtcu so:<br \/>\n\u2022 svetovalno delo z otroki<br \/>\n\u2022 svetovalno delo z vzgojitelji in pomo\u010dniki vzgojiteljev<br \/>\n\u2022 svetovalno delo s star\u0161i<br \/>\n\u2022 sodelovanje z zunanjimi ustanovami in vodstvom<\/p>\n<p>S svetovalno delavko se boste sre\u010devali na predavanjih za star\u0161e in ostalih skupnih sre\u010danjih, lahko pa jo kontaktirate tudi, kadar potrebujete osebni pogovor.[\/vc_column_text][\/vc_column][vc_column width=&#8221;1\/4&#8243;][stm_single_image img_alignment=&#8221;center&#8221; img_id=&#8221;6270&#8243;][\/vc_column][\/vc_row][vc_row full_width=&#8221;stretch_row&#8221; css=&#8221;.vc_custom_1678775900306{margin-bottom: 0px !important;padding-bottom: 0px !important;background-image: url(https:\/\/smartyschool.stylemixthemes.com\/kindergarten-two\/wp-content\/uploads\/2019\/10\/wave_top.png?id=5093) !important;background-position: center !important;background-repeat: no-repeat !important;background-size: cover !important;}&#8221; el_class=&#8221;superiority_section&#8221;][vc_column css=&#8221;.vc_custom_1570015088817{padding-top: 0px !important;}&#8221;][stm_spacing lg_spacing=&#8221;115&#8243; md_spacing=&#8221;115&#8243; sm_spacing=&#8221;115&#8243; xs_spacing=&#8221;115&#8243;][\/vc_column][\/vc_row][vc_row full_width=&#8221;stretch_row&#8221; css=&#8221;.vc_custom_1676271446360{margin-top: -115px !important;background: #fea633 url(http:\/\/vrtec-radenci.si\/wp-content\/uploads\/2023\/01\/school-g1dadcb3f0_1280.png?id=5135) !important;background-position: center !important;background-repeat: no-repeat !important;background-size: cover !important;}&#8221;][vc_column][stm_spacing lg_spacing=&#8221;115&#8243; md_spacing=&#8221;115&#8243; sm_spacing=&#8221;115&#8243; xs_spacing=&#8221;135&#8243;][stm_spacing lg_spacing=&#8221;20&#8243; md_spacing=&#8221;20&#8243; sm_spacing=&#8221;20&#8243; xs_spacing=&#8221;20&#8243;][stm_spacing lg_spacing=&#8221;100&#8243; md_spacing=&#8221;100&#8243; sm_spacing=&#8221;80&#8243; xs_spacing=&#8221;115&#8243;][\/vc_column][\/vc_row][vc_row full_width=&#8221;stretch_row&#8221; css=&#8221;.vc_custom_1678775246369{margin-top: -115px !important;margin-bottom: 0px !important;padding-bottom: 0px !important;background-image: url(https:\/\/smartyschool.stylemixthemes.com\/kindergarten-two\/wp-content\/uploads\/2019\/10\/wave_bottom.png?id=5070) !important;background-position: center !important;background-repeat: no-repeat !important;background-size: cover !important;}&#8221; el_class=&#8221;superiority_section&#8221;][vc_column css=&#8221;.vc_custom_1570015088817{padding-top: 0px !important;}&#8221;][stm_spacing lg_spacing=&#8221;115&#8243; md_spacing=&#8221;115&#8243; sm_spacing=&#8221;115&#8243; xs_spacing=&#8221;115&#8243;][\/vc_column][\/vc_row]<\/p>\n","protected":false},"excerpt":{"rendered":"<p>[vc_row][vc_column][stm_title title_align=&#8221;center&#8221; title_margin_t=&#8221;5px&#8221; title_margin_b=&#8221;31px&#8221; title=&#8221;Svetovalna slu\u017eba&#8221;][\/stm_title][\/vc_column][\/vc_row][vc_row][vc_column width=&#8221;3\/4&#8243;][vc_column_text]Temeljni cilj vrtca ter v tem okviru tudi svetovalne slu\u017ebe v vrtcu, je optimalni razvoj otroka ne glede na spol, socialno in kulturno poreklo, veroizpoved, narodno pripadnost ter telesno in du\u0161evno konstitucijo. Njena temeljna naloga je, da se na podlagi strokovnega znanja preko svetovalnega odnosa in na strokovno avtonomni [&hellip;]<\/p>\n","protected":false},"author":1,"featured_media":0,"parent":0,"menu_order":0,"comment_status":"closed","ping_status":"closed","template":"","meta":{"footnotes":""},"class_list":["post-5202","page","type-page","status-publish","hentry"],"_links":{"self":[{"href":"https:\/\/vrtec-radenci.si\/index.php?rest_route=\/wp\/v2\/pages\/5202","targetHints":{"allow":["GET"]}}],"collection":[{"href":"https:\/\/vrtec-radenci.si\/index.php?rest_route=\/wp\/v2\/pages"}],"about":[{"href":"https:\/\/vrtec-radenci.si\/index.php?rest_route=\/wp\/v2\/types\/page"}],"author":[{"embeddable":true,"href":"https:\/\/vrtec-radenci.si\/index.php?rest_route=\/wp\/v2\/users\/1"}],"replies":[{"embeddable":true,"href":"https:\/\/vrtec-radenci.si\/index.php?rest_route=%2Fwp%2Fv2%2Fcomments&post=5202"}],"version-history":[{"count":12,"href":"https:\/\/vrtec-radenci.si\/index.php?rest_route=\/wp\/v2\/pages\/5202\/revisions"}],"predecessor-version":[{"id":6271,"href":"https:\/\/vrtec-radenci.si\/index.php?rest_route=\/wp\/v2\/pages\/5202\/revisions\/6271"}],"wp:attachment":[{"href":"https:\/\/vrtec-radenci.si\/index.php?rest_route=%2Fwp%2Fv2%2Fmedia&parent=5202"}],"curies":[{"name":"wp","href":"https:\/\/api.w.org\/{rel}","templated":true}]}}