{"id":5239,"date":"2023-02-13T08:00:03","date_gmt":"2023-02-13T08:00:03","guid":{"rendered":"http:\/\/vrtec-radenci.si\/?page_id=5239"},"modified":"2024-10-03T15:57:11","modified_gmt":"2024-10-03T15:57:11","slug":"vrtec-radenci-radenski-mehurcki","status":"publish","type":"page","link":"https:\/\/vrtec-radenci.si\/?page_id=5239","title":{"rendered":"Vrtec Radenci \u2013 Radenski mehur\u010dki"},"content":{"rendered":"<p>[vc_row][vc_column][stm_title title_align=&#8221;center&#8221; title_margin_t=&#8221;5px&#8221; title_margin_b=&#8221;31px&#8221; title=&#8221;Vrtec Radenci \u2013 Radenski mehur\u010dki&#8221;][\/stm_title][\/vc_column][\/vc_row][vc_row][vc_column][vc_column_text]Vrtec Radenci \u2013 Radenski mehur\u010dki je javni vzgojno izobra\u017eevalni zavod, ki ga je ustanovila Ob\u010dina Radenci.<\/p>\n<p>Temeljna naloga vrtca je pomo\u010d star\u0161em pri celoviti skrbi za otroke, izbolj\u0161anje kvalitete \u017eivljenja dru\u017ein in otrok ter ustvarjanje pogojev za razvoj otrokovih telesnih in du\u0161evnih sposobnosti (ZVrt).<\/p>\n<p>Pred\u0161olska vzgoja v vrtcih je sestavni del sistema vzgoje in izobra\u017eevanja in poteka po na\u010delih:<br \/>\n\u2022 demokrati\u010dnosti,<br \/>\n\u2022 pluralizma,<br \/>\n\u2022 avtonomnosti, strokovnosti in odgovornosti zaposlenih,<br \/>\n\u2022 enakih mo\u017enosti za otroke in star\u0161e, upo\u0161tevaje razli\u010dnosti med otroki,<br \/>\n\u2022 pravice do izbire in druga\u010dnosti in<br \/>\n\u2022 ohranjanja ravnote\u017eja med raznimi vidiki otrokovega telesnega in du\u0161evnega razvoja.<\/p>\n<p>Cilji pred\u0161olske vzgoje v vrtcih so:<br \/>\n\u2022 razvijanje sposobnosti razumevanja in sprejemanja sebe in drugih,<br \/>\n\u2022 razvijanje sposobnosti za dogovarjanje, upo\u0161tevanje razli\u010dnosti in sodelovanje v skupinah,<br \/>\n\u2022 razvijanje sposobnosti prepoznavanja \u010dustev in spodbujanje \u010dustvenega do\u017eivljanja in izra\u017eanja,<br \/>\n\u2022 negovanje radovednosti, raziskovalnega duha, domi\u0161ljije in intuicije ter razvijanje neodvisnega mi\u0161ljenja,<br \/>\n\u2022 spodbujanje jezikovnega razvoja za u\u010dinkovito in ustvarjalno uporabo govora, kasneje pa tudi branja in pisanja,<br \/>\n\u2022 spodbujanje do\u017eivljanja umetni\u0161kih del in umetni\u0161kega izra\u017eanja,<br \/>\n\u2022 posredovanje znanj z razli\u010dnih podro\u010dij znanosti in iz vsakodnevnega \u017eivljenja,<br \/>\n\u2022 spodbujanje telesnega in gibalnega razvoja in razvijanje samostojnosti pri higienskih navadah in pri skrbi za zdravje.[\/vc_column_text][vc_images_carousel images=&#8221;5102&#8243; img_size=&#8221;large&#8221;][\/vc_column][\/vc_row][vc_row full_width=&#8221;stretch_row&#8221; css=&#8221;.vc_custom_1676271478182{margin-bottom: 0px !important;padding-bottom: 0px !important;background-image: url(https:\/\/smartyschool.stylemixthemes.com\/kindergarten-two\/wp-content\/uploads\/2019\/10\/wave_top.png?id=5093) !important;background-position: 0 0 !important;background-repeat: no-repeat !important;}&#8221; el_class=&#8221;superiority_section&#8221;][vc_column css=&#8221;.vc_custom_1570015088817{padding-top: 0px !important;}&#8221;][stm_spacing lg_spacing=&#8221;115&#8243; md_spacing=&#8221;115&#8243; sm_spacing=&#8221;115&#8243; xs_spacing=&#8221;115&#8243;][\/vc_column][\/vc_row][vc_row full_width=&#8221;stretch_row&#8221; css=&#8221;.vc_custom_1676271446360{margin-top: -115px !important;background: #fea633 url(http:\/\/vrtec-radenci.si\/wp-content\/uploads\/2023\/01\/school-g1dadcb3f0_1280.png?id=5135) !important;background-position: center !important;background-repeat: no-repeat !important;background-size: cover !important;}&#8221;][vc_column][stm_spacing lg_spacing=&#8221;115&#8243; md_spacing=&#8221;115&#8243; sm_spacing=&#8221;115&#8243; xs_spacing=&#8221;135&#8243;][stm_spacing lg_spacing=&#8221;20&#8243; md_spacing=&#8221;20&#8243; sm_spacing=&#8221;20&#8243; xs_spacing=&#8221;20&#8243;][stm_spacing lg_spacing=&#8221;100&#8243; md_spacing=&#8221;100&#8243; sm_spacing=&#8221;80&#8243; xs_spacing=&#8221;115&#8243;][\/vc_column][\/vc_row][vc_row full_width=&#8221;stretch_row&#8221; css=&#8221;.vc_custom_1676271414417{margin-top: -115px !important;margin-bottom: 0px !important;padding-bottom: 0px !important;background-image: url(https:\/\/smartyschool.stylemixthemes.com\/kindergarten-two\/wp-content\/uploads\/2019\/10\/wave_bottom.png?id=5070) !important;background-position: 0 0 !important;background-repeat: no-repeat !important;}&#8221; el_class=&#8221;superiority_section&#8221;][vc_column css=&#8221;.vc_custom_1570015088817{padding-top: 0px !important;}&#8221;][stm_spacing lg_spacing=&#8221;115&#8243; md_spacing=&#8221;115&#8243; sm_spacing=&#8221;115&#8243; xs_spacing=&#8221;115&#8243;][\/vc_column][\/vc_row]<\/p>\n","protected":false},"excerpt":{"rendered":"<p>[vc_row][vc_column][stm_title title_align=&#8221;center&#8221; title_margin_t=&#8221;5px&#8221; title_margin_b=&#8221;31px&#8221; title=&#8221;Vrtec Radenci \u2013 Radenski mehur\u010dki&#8221;][\/stm_title][\/vc_column][\/vc_row][vc_row][vc_column][vc_column_text]Vrtec Radenci \u2013 Radenski mehur\u010dki je javni vzgojno izobra\u017eevalni zavod, ki ga je ustanovila Ob\u010dina Radenci. Temeljna naloga vrtca je pomo\u010d star\u0161em pri celoviti skrbi za otroke, izbolj\u0161anje kvalitete \u017eivljenja dru\u017ein in otrok ter ustvarjanje pogojev za razvoj otrokovih telesnih in du\u0161evnih sposobnosti (ZVrt). Pred\u0161olska vzgoja v [&hellip;]<\/p>\n","protected":false},"author":1,"featured_media":0,"parent":0,"menu_order":0,"comment_status":"closed","ping_status":"closed","template":"","meta":{"footnotes":""},"class_list":["post-5239","page","type-page","status-publish","hentry"],"_links":{"self":[{"href":"https:\/\/vrtec-radenci.si\/index.php?rest_route=\/wp\/v2\/pages\/5239","targetHints":{"allow":["GET"]}}],"collection":[{"href":"https:\/\/vrtec-radenci.si\/index.php?rest_route=\/wp\/v2\/pages"}],"about":[{"href":"https:\/\/vrtec-radenci.si\/index.php?rest_route=\/wp\/v2\/types\/page"}],"author":[{"embeddable":true,"href":"https:\/\/vrtec-radenci.si\/index.php?rest_route=\/wp\/v2\/users\/1"}],"replies":[{"embeddable":true,"href":"https:\/\/vrtec-radenci.si\/index.php?rest_route=%2Fwp%2Fv2%2Fcomments&post=5239"}],"version-history":[{"count":4,"href":"https:\/\/vrtec-radenci.si\/index.php?rest_route=\/wp\/v2\/pages\/5239\/revisions"}],"predecessor-version":[{"id":6037,"href":"https:\/\/vrtec-radenci.si\/index.php?rest_route=\/wp\/v2\/pages\/5239\/revisions\/6037"}],"wp:attachment":[{"href":"https:\/\/vrtec-radenci.si\/index.php?rest_route=%2Fwp%2Fv2%2Fmedia&parent=5239"}],"curies":[{"name":"wp","href":"https:\/\/api.w.org\/{rel}","templated":true}]}}