{"id":5264,"date":"2023-02-13T08:43:19","date_gmt":"2023-02-13T08:43:19","guid":{"rendered":"http:\/\/vrtec-radenci.si\/?page_id=5264"},"modified":"2025-02-10T14:33:04","modified_gmt":"2025-02-10T14:33:04","slug":"poslovni-cas-vrtca","status":"publish","type":"page","link":"https:\/\/vrtec-radenci.si\/?page_id=5264","title":{"rendered":"Poslovni \u010das vrtca"},"content":{"rendered":"<p>[vc_row][vc_column][stm_title title_align=&#8221;center&#8221; title_margin_t=&#8221;5px&#8221; title_margin_b=&#8221;31px&#8221; title=&#8221;POSLOVALNI \u010cAS VRTCA&#8221;][\/stm_title][\/vc_column][\/vc_row][vc_row][vc_column width=&#8221;3\/4&#8243;][vc_column_text]Vrtec Radenci \u2013 Radenski mehur\u010dki obratuje vse dni v letu, razen ob sobotah, nedeljah in ob dela prostih dnevih. V \u010dasu praznikov in po\u010ditnic si vrtec pridru\u017euje pravico do zdru\u017eevanja oddelkov in zaprtja enote Grozdek. V tem primeru imajo star\u0161i mo\u017enost vklju\u010diti otroka v enoto Mehur\u010dki v Radencih, ki je odprta skozi vso leto.[\/vc_column_text][vc_tta_accordion][vc_tta_section title=&#8221;Poslovni \u010das&#8221; tab_id=&#8221;1676277510685-3823dd3b-a3fe&#8221;][vc_column_text]<\/p>\n<table style=\"border-collapse: collapse; width: 100%; height: 34px;\">\n<tbody>\n<tr style=\"height: 24px;\">\n<td style=\"width: 50%; height: 24px;\">Enota Mehur\u010dki<\/td>\n<td style=\"width: 50%; height: 24px;\">5.00-16.30<\/td>\n<\/tr>\n<tr style=\"height: 10px;\">\n<td style=\"width: 50%; height: 10px;\"><\/td>\n<td style=\"width: 50%; height: 10px;\"><\/td>\n<\/tr>\n<\/tbody>\n<\/table>\n<p>[\/vc_column_text][\/vc_tta_section][vc_tta_section title=&#8221;Delovni \u010das v upravi vrtca&#8221; tab_id=&#8221;1676277510685-f2143e7e-6c65&#8243;][vc_column_text]<\/p>\n<table style=\"border-collapse: collapse; width: 100%;\">\n<tbody>\n<tr>\n<td style=\"width: 50%;\">Ravnateljica<\/td>\n<td style=\"width: 50%;\">od ponedeljka do petka: 7.00-15.00<\/td>\n<\/tr>\n<tr>\n<td style=\"width: 50%;\">Tajnik VIZ<\/td>\n<td style=\"width: 50%;\">od ponedeljka do petka: 7.00-15.00<\/td>\n<\/tr>\n<tr>\n<td style=\"width: 50%;\">Ra\u010dunovodja<\/td>\n<td style=\"width: 50%;\">od ponedeljka do petka: 7.00-15.00<\/td>\n<\/tr>\n<tr>\n<td style=\"width: 50%;\">Svetovalna delavka<\/td>\n<td style=\"width: 50%;\">v torek in sredo: 8.00-13.00<\/td>\n<\/tr>\n<tr>\n<td style=\"width: 50%;\">Vodja prehrane in ZHR<\/td>\n<td style=\"width: 50%;\">v \u010detrtek in vsako \u010detrto sredo: 7.00-15.00<\/td>\n<\/tr>\n<\/tbody>\n<\/table>\n<p>[\/vc_column_text][\/vc_tta_section][\/vc_tta_accordion][\/vc_column][vc_column width=&#8221;1\/4&#8243;][stm_single_image img_alignment=&#8221;center&#8221; img_id=&#8221;5266&#8243;][\/vc_column][\/vc_row][vc_row full_width=&#8221;stretch_row&#8221; css=&#8221;.vc_custom_1678775604662{margin-bottom: 0px !important;padding-bottom: 0px !important;background-image: url(https:\/\/smartyschool.stylemixthemes.com\/kindergarten-two\/wp-content\/uploads\/2019\/10\/wave_top.png?id=5093) !important;background-position: center !important;background-repeat: no-repeat !important;background-size: cover !important;}&#8221; el_class=&#8221;superiority_section&#8221;][vc_column css=&#8221;.vc_custom_1570015088817{padding-top: 0px !important;}&#8221;][stm_spacing lg_spacing=&#8221;115&#8243; md_spacing=&#8221;115&#8243; sm_spacing=&#8221;115&#8243; xs_spacing=&#8221;115&#8243;][\/vc_column][\/vc_row][vc_row full_width=&#8221;stretch_row&#8221; css=&#8221;.vc_custom_1676271446360{margin-top: -115px !important;background: #fea633 url(http:\/\/vrtec-radenci.si\/wp-content\/uploads\/2023\/01\/school-g1dadcb3f0_1280.png?id=5135) !important;background-position: center !important;background-repeat: no-repeat !important;background-size: cover !important;}&#8221;][vc_column][stm_spacing lg_spacing=&#8221;115&#8243; md_spacing=&#8221;115&#8243; sm_spacing=&#8221;115&#8243; xs_spacing=&#8221;135&#8243;][stm_spacing lg_spacing=&#8221;20&#8243; md_spacing=&#8221;20&#8243; sm_spacing=&#8221;20&#8243; xs_spacing=&#8221;20&#8243;][stm_spacing lg_spacing=&#8221;100&#8243; md_spacing=&#8221;100&#8243; sm_spacing=&#8221;80&#8243; xs_spacing=&#8221;115&#8243;][\/vc_column][\/vc_row][vc_row full_width=&#8221;stretch_row&#8221; css=&#8221;.vc_custom_1678775596290{margin-top: -115px !important;margin-bottom: 0px !important;padding-bottom: 0px !important;background-image: url(https:\/\/smartyschool.stylemixthemes.com\/kindergarten-two\/wp-content\/uploads\/2019\/10\/wave_bottom.png?id=5070) !important;background-position: center !important;background-repeat: no-repeat !important;background-size: cover !important;}&#8221; el_class=&#8221;superiority_section&#8221;][vc_column css=&#8221;.vc_custom_1570015088817{padding-top: 0px !important;}&#8221;][stm_spacing lg_spacing=&#8221;115&#8243; md_spacing=&#8221;115&#8243; sm_spacing=&#8221;115&#8243; xs_spacing=&#8221;115&#8243;][\/vc_column][\/vc_row]<\/p>\n","protected":false},"excerpt":{"rendered":"<p>[vc_row][vc_column][stm_title title_align=&#8221;center&#8221; title_margin_t=&#8221;5px&#8221; title_margin_b=&#8221;31px&#8221; title=&#8221;POSLOVALNI \u010cAS VRTCA&#8221;][\/stm_title][\/vc_column][\/vc_row][vc_row][vc_column width=&#8221;3\/4&#8243;][vc_column_text]Vrtec Radenci \u2013 Radenski mehur\u010dki obratuje vse dni v letu, razen ob sobotah, nedeljah in ob dela prostih dnevih. V \u010dasu praznikov in po\u010ditnic si vrtec pridru\u017euje pravico do zdru\u017eevanja oddelkov in zaprtja enote Grozdek. V tem primeru imajo star\u0161i mo\u017enost vklju\u010diti otroka v enoto Mehur\u010dki v Radencih, [&hellip;]<\/p>\n","protected":false},"author":1,"featured_media":0,"parent":0,"menu_order":0,"comment_status":"closed","ping_status":"closed","template":"","meta":{"footnotes":""},"class_list":["post-5264","page","type-page","status-publish","hentry"],"_links":{"self":[{"href":"https:\/\/vrtec-radenci.si\/index.php?rest_route=\/wp\/v2\/pages\/5264","targetHints":{"allow":["GET"]}}],"collection":[{"href":"https:\/\/vrtec-radenci.si\/index.php?rest_route=\/wp\/v2\/pages"}],"about":[{"href":"https:\/\/vrtec-radenci.si\/index.php?rest_route=\/wp\/v2\/types\/page"}],"author":[{"embeddable":true,"href":"https:\/\/vrtec-radenci.si\/index.php?rest_route=\/wp\/v2\/users\/1"}],"replies":[{"embeddable":true,"href":"https:\/\/vrtec-radenci.si\/index.php?rest_route=%2Fwp%2Fv2%2Fcomments&post=5264"}],"version-history":[{"count":7,"href":"https:\/\/vrtec-radenci.si\/index.php?rest_route=\/wp\/v2\/pages\/5264\/revisions"}],"predecessor-version":[{"id":6207,"href":"https:\/\/vrtec-radenci.si\/index.php?rest_route=\/wp\/v2\/pages\/5264\/revisions\/6207"}],"wp:attachment":[{"href":"https:\/\/vrtec-radenci.si\/index.php?rest_route=%2Fwp%2Fv2%2Fmedia&parent=5264"}],"curies":[{"name":"wp","href":"https:\/\/api.w.org\/{rel}","templated":true}]}}