{"id":5283,"date":"2023-02-14T07:08:06","date_gmt":"2023-02-14T07:08:06","guid":{"rendered":"http:\/\/vrtec-radenci.si\/?page_id=5283"},"modified":"2025-02-10T13:02:57","modified_gmt":"2025-02-10T13:02:57","slug":"programi","status":"publish","type":"page","link":"https:\/\/vrtec-radenci.si\/?page_id=5283","title":{"rendered":"Programi"},"content":{"rendered":"<p>[vc_row][vc_column][stm_title title_align=&#8221;center&#8221; title_margin_t=&#8221;5px&#8221; title_margin_b=&#8221;31px&#8221; title=&#8221;Programi&#8221;][\/stm_title][\/vc_column][\/vc_row][vc_row][vc_column width=&#8221;3\/4&#8243;][vc_column_text]Program je zasnovan na podlagi javno veljavnega nacionalnega programa \u2013 Kurikula za vrtec, ki ga je marca 1999 sprejel Strokovni svet RS za splo\u0161no izobra\u017eevanje. Vsebuje temeljna na\u010dela, cilje in dejavnosti, ki omogo\u010dajo strokovno na\u010drtovanje \u017eivljenja in dela v vrtcu in s tem premik k doseganju ustrezne kakovosti pred\u0161olske vzgoje.<\/p>\n<p>Aktivnosti otrok se prepletajo skozi \u0161est osnovnih podro\u010dij: gibanje, jezik, umetnost, dru\u017eba, narava in matematika. Otrok v interakciji z vrstniki in odraslimi razvija svojo lastno individualnost in \u010dut za dru\u017ebeno odgovornost. Programi so namenjeni otrokom od 11 mesecev starosti do vstopa v osnovno \u0161olo.<\/p>\n<p>Na\u010drtovanje \u017eivljenja v vrtcu vklju\u010duje vsa podro\u010dja dejavnosti in povezavo med njimi, organizacijo prostora, po\u010ditka, hranjenja in drugih vsakodnevnih dejavnosti.[\/vc_column_text][\/vc_column][vc_column width=&#8221;1\/4&#8243;][stm_single_image img_alignment=&#8221;center&#8221; img_id=&#8221;5285&#8243;][\/vc_column][\/vc_row][vc_row][vc_column][vc_column_text]Razvojne in vzgojne naloge pred\u0161olske vzgoje so vezane na posamezna podro\u010dja razvoja otroka in sicer na:<\/p>\n<ul>\n<li>\u010dustveni razvoj<\/li>\n<li>socialni razvoj<\/li>\n<li>gibalni razvoj<\/li>\n<li>razvoj govora<\/li>\n<\/ul>\n<p>[\/vc_column_text][vc_column_text]Na\u010drtovane dejavnosti s podro\u010dja kurikula zajemajo:<\/p>\n<table style=\"border-collapse: collapse; width: 100%;\">\n<tbody>\n<tr>\n<td style=\"width: 50%;\">gibanje<\/td>\n<td style=\"width: 50%;\">spodbujanje gibalne dejavnosti otrok<\/td>\n<\/tr>\n<tr>\n<td style=\"width: 50%;\">jezik<\/td>\n<td style=\"width: 50%;\">poslu\u0161anje, razumevanje in do\u017eivljanje jezika<\/td>\n<\/tr>\n<tr>\n<td style=\"width: 50%;\">umetnost<\/td>\n<td style=\"width: 50%;\">spoznavanje, do\u017eivljanje in u\u017eivanje v umetnosti<\/td>\n<\/tr>\n<tr>\n<td style=\"width: 50%;\">dru\u017eba<\/td>\n<td style=\"width: 50%;\">do\u017eivljanje samega sebe in drugih ljudi<\/td>\n<\/tr>\n<tr>\n<td style=\"width: 50%;\">narava<\/td>\n<td style=\"width: 50%;\">spoznavanje \u017eive in ne\u017eive narave<\/td>\n<\/tr>\n<tr>\n<td style=\"width: 50%;\">matematika<\/td>\n<td style=\"width: 50%;\">seznanjanje z matematiko v vsakdanjem \u017eivljenju<\/td>\n<\/tr>\n<\/tbody>\n<\/table>\n<p>[\/vc_column_text][vc_tta_accordion][vc_tta_section title=&#8221;Program s prilagojenim izvajanjem in dodatno strokovno pomo\u010djo&#8221; tab_id=&#8221;1676358040293-8944703e-319e&#8221;][vc_column_text]Z upo\u0161tevanjem na\u010dela enakih mo\u017enosti in razli\u010dnosti med otroki, so v redne oddelke vrtca vklju\u010deni tudi otroci s posebnimi potrebami. Zanje pripravimo individualizirane programe in jim zagotovimo dodatno strokovno pomo\u010d ter poskrbimo za optimalni napredek v okviru razvojnih zmo\u017enosti otrok. \u010clani strokovne skupine se povezujemo, sodelujemo in dopolnjujemo pri prispevanju k u\u010dinkovitosti integracije otroka.[\/vc_column_text][\/vc_tta_section][vc_tta_section title=&#8221;Programi glede na trajanje&#8221; tab_id=&#8221;1676358040293-02917bb0-3245&#8243;][vc_column_text]\u2022\u00a0<strong>dnevni program<\/strong>, ki traja od 6 do 9 ur dnevno. Program se izvaja v skladu s Kurikulom vrtca in zajema vzgojo, varstvo in prehrano otrok. Izvaja se v obeh starostnih obdobjih v vseh treh enotah.<br \/>\n\u2022\u00a0<strong>poldnevni program<\/strong>, ki traja od 4 do 6 ur dnevno. Program se izvaja v skladu s Kurikulom vrtca in zajema vzgojo, varstvo in prehrano otrok. Izvaja se v obeh starostnih obdobjih v vseh treh enotah. Poldnevni program se izvaja med 6.30 in 12.30 uro.<br \/>\nSprememba programa med \u0161olskim letom je mo\u017ena na podlagi vloge, ki jo odobri ravnateljica vrtca.[\/vc_column_text][\/vc_tta_section][vc_tta_section title=&#8221;Obogatitvene dejavnosti&#8221; tab_id=&#8221;1676358081214-d9049244-9a0f&#8221;][vc_column_text]Spadajo v izvedbeni kurikulum, zato jih izvajajo strokovne delavke vrtca v obliki razli\u010dnih dejavnosti in kro\u017ekov. Posamezni kro\u017eki so za vsako novo \u0161olsko leto predstavljeni v publikaciji vrtca in na oglasnih deskah vseh enot vrtca, kjer imajo otroci po posvetu s star\u0161i mo\u017enost izbirati kam se bodo vklju\u010dili. Kro\u017eki so namenjeni otrokom, ki obiskujejo vrtec zadnje leto pred vstopom v \u0161olo.<\/p>\n<table style=\"border-collapse: collapse; width: 100%; height: 384px;\">\n<tbody>\n<tr style=\"height: 38px;\">\n<td style=\"width: 33.3333%; height: 38px;\">DEJAVNOST<\/td>\n<td style=\"width: 38.2353%; height: 38px;\">STROKOVNI DELAVCI<\/td>\n<td style=\"width: 28.4313%; height: 38px;\"><\/td>\n<\/tr>\n<tr style=\"height: 10px;\">\n<td style=\"width: 33.3333%; height: 10px;\">Matemati\u010dni kro\u017eek<\/td>\n<td style=\"width: 38.2353%; height: 10px;\">Tadeja Moleh<\/td>\n<td style=\"width: 28.4313%; height: 10px;\"><\/td>\n<\/tr>\n<tr>\n<td style=\"width: 33.3333%;\">Eko kro\u017eek<\/td>\n<td style=\"width: 38.2353%;\">Jasmina F. Paldauf, Karmen Turk (Ines Makovec)<\/td>\n<td style=\"width: 28.4313%;\"><\/td>\n<\/tr>\n<tr style=\"height: 24px;\">\n<td style=\"width: 33.3333%; height: 24px;\">Pravlji\u010dna joga za otroke<\/td>\n<td style=\"width: 38.2353%; height: 24px;\">Nata\u0161a Leben<\/td>\n<td style=\"width: 28.4313%; height: 24px;\"><\/td>\n<\/tr>\n<tr style=\"height: 24px;\">\n<td style=\"width: 33.3333%; height: 24px;\">Otro\u0161ki pevski zbor<\/td>\n<td style=\"width: 38.2353%; height: 24px;\">\u00a0Tadeja Mulec, Niko Pelc<\/td>\n<td style=\"width: 28.4313%; height: 24px;\"><\/td>\n<\/tr>\n<tr style=\"height: 48px;\">\n<td style=\"width: 33.3333%; height: 48px;\">Likovni kro\u017eek<\/td>\n<td style=\"width: 38.2353%; height: 48px;\">Beti \u0160krjanec, Lucija Ogrin<\/td>\n<td style=\"width: 28.4313%; height: 48px;\"><\/td>\n<\/tr>\n<tr style=\"height: 48px;\">\n<td style=\"width: 33.3333%; height: 48px;\">Pohodni\u0161ki kro\u017eek<\/td>\n<td style=\"width: 38.2353%; height: 48px;\">Aleksandra Fifolt, Mario Poto\u010dnik<\/td>\n<td style=\"width: 28.4313%; height: 48px;\"><\/td>\n<\/tr>\n<tr style=\"height: 48px;\">\n<td style=\"width: 33.3333%; height: 48px;\">Otro\u0161ka folklora<\/td>\n<td style=\"width: 38.2353%; height: 48px;\">Ne\u017ea Ros, Niko Pelc<\/td>\n<td style=\"width: 28.4313%; height: 48px;\"><\/td>\n<\/tr>\n<tr style=\"height: 24px;\">\n<td style=\"width: 33.3333%; height: 24px;\">Pravlji\u010dni kro\u017eek<\/td>\n<td style=\"width: 38.2353%; height: 24px;\">Nata\u0161a Klement Jendri\u0107, Tajda \u010ceh<\/td>\n<td style=\"width: 28.4313%; height: 24px;\"><\/td>\n<\/tr>\n<tr>\n<td style=\"width: 33.3333%;\">\u0160portni kro\u017eek<\/td>\n<td style=\"width: 38.2353%;\">Mateja Zamuda, Sa\u0161a Ratej<\/td>\n<td style=\"width: 28.4313%;\"><\/td>\n<\/tr>\n<tr style=\"height: 48px;\">\n<td style=\"width: 33.3333%; height: 48px;\"><\/td>\n<td style=\"width: 38.2353%; height: 48px;\"><\/td>\n<td style=\"width: 28.4313%; height: 48px;\"><\/td>\n<\/tr>\n<tr style=\"height: 48px;\">\n<td style=\"width: 33.3333%; height: 48px;\"><\/td>\n<td style=\"width: 38.2353%; height: 48px;\"><\/td>\n<td style=\"width: 28.4313%; height: 48px;\"><\/td>\n<\/tr>\n<tr>\n<td style=\"width: 33.3333%;\"><\/td>\n<td style=\"width: 38.2353%;\"><\/td>\n<td style=\"width: 28.4313%;\"><\/td>\n<\/tr>\n<\/tbody>\n<\/table>\n<p>[\/vc_column_text][\/vc_tta_section][vc_tta_section title=&#8221;Dodatne dejavnosti&#8221; tab_id=&#8221;1676358084840-00f9c1bb-54ce&#8221;][vc_column_text]Ne spadajo v izvedbeni kurikulum, zato jih izvajajo zunanji sodelavci. Organizirajo se v soglasju s Svetom star\u0161ev, saj jih star\u0161i sami dodatno financirajo. Pri\u010detek izvajanja programov je mo\u017een po 15.30 uri. Odgovornost za otroke v \u010dasu dejavnosti prevzamejo izvajalci programov, zato se otroci po kon\u010dani dejavnosti ne vra\u010dajo v oddelke.<\/p>\n<p>V \u0161olskem letu 2024\/25 so bili izbrani naslednji programi:<\/p>\n<ul>\n<li>Plavalni te\u010daj<\/li>\n<li>Letovanje (Korenika)<\/li>\n<li>Fotografiranje<\/li>\n<li>\u0160portne urice<\/li>\n<li>Plesni te\u010daj za pred\u0161olske otroke<\/li>\n<\/ul>\n<p>[\/vc_column_text][\/vc_tta_section][vc_tta_section title=&#8221;Igralne urice za otroke, ki ne obiskujo vrtca&#8221; tab_id=&#8221;1676358439451-f09eef65-926a&#8221;][vc_column_text]Organiziramo tudi urice za otroke, ki ne obiskujejo vrtca.<\/p>\n<ul>\n<li>v Tednu otroka (9.10.2024 med 9.00 in 10.00 uro)<\/li>\n<li>v prazni\u010dnem decembru (12.12.2024 med 9.30 in\u00a0 10.30 uro)<\/li>\n<li>na dan odprtih vrat (16.4.2025 med 16.30 in 17.30 uro)<\/li>\n<\/ul>\n<p>IGRALNE URICE ZA DOJEN\u010cKE so namenjene otrokom, starim od 6. do 15. mesecev starosti). Termini sre\u010danj v \u0161olskem letu 2024\/2025:<\/p>\n<table>\n<tbody>\n<tr style=\"mso-yfti-irow: 0; mso-yfti-firstrow: yes; height: 31.15pt; mso-prop-change: Uporabnik 20240821T1832;\">\n<td width=\"170\">8. 10. 2024<\/p>\n<p>med 9.30 in 10.15 uro<\/td>\n<td width=\"170\">22. 10. 2024<\/p>\n<p>med 9.30 in 10.15 uro<\/td>\n<\/tr>\n<tr>\n<td width=\"170\">19. 11. 2024<\/p>\n<p>med 9.30 in 10.15 uro<\/td>\n<td width=\"170\">26. 11. 2024<\/p>\n<p>med 9.30 in 10.15 uro<\/td>\n<\/tr>\n<tr>\n<td width=\"170\">7. 1. 2025<\/p>\n<p>med 9.30 in 10.15 uro<\/td>\n<td width=\"170\">21. 1. 2025<\/p>\n<p>med 9.30 in 10.15 uro<\/td>\n<\/tr>\n<tr>\n<td width=\"170\">4. 2. 2025<\/p>\n<p>med 9.30 in 10.15 uro<\/td>\n<td width=\"170\">25. 2. 2025<\/p>\n<p>med 9.30 in 10.15 uro<\/td>\n<\/tr>\n<tr>\n<td width=\"170\">11. 3. 2025<\/p>\n<p>med 9.30 in 10.15 uro<\/td>\n<td width=\"170\">25. 3. 2025<\/p>\n<p>med 9.30 in 10.15 uro<\/td>\n<\/tr>\n<tr>\n<td width=\"170\">8. 4. 2025<\/p>\n<p>med 9.30 in 10.15 uro<\/td>\n<td width=\"170\">22. 4. 2025<\/p>\n<p>med 9.30 in 10.15 uro<\/td>\n<\/tr>\n<tr>\n<td width=\"170\">6. 5. 2025<\/p>\n<p>med 9.30 in 10.15 uro<\/td>\n<td width=\"170\">20. 5. 2025<\/p>\n<p>med 9.30 in 10.15 uro<\/td>\n<\/tr>\n<\/tbody>\n<\/table>\n<p>[\/vc_column_text][\/vc_tta_section][\/vc_tta_accordion][stm_spacing lg_spacing=&#8221;20&#8243; md_spacing=&#8221;20&#8243; sm_spacing=&#8221;20&#8243; xs_spacing=&#8221;20&#8243;][\/vc_column][\/vc_row][vc_row full_width=&#8221;stretch_row&#8221; css=&#8221;.vc_custom_1676271446360{margin-top: -115px !important;background: #fea633 url(http:\/\/vrtec-radenci.si\/wp-content\/uploads\/2023\/01\/school-g1dadcb3f0_1280.png?id=5135) !important;background-position: center !important;background-repeat: no-repeat !important;background-size: cover !important;}&#8221;][vc_column][stm_spacing][stm_spacing lg_spacing=&#8221;115&#8243; md_spacing=&#8221;115&#8243; sm_spacing=&#8221;115&#8243; xs_spacing=&#8221;135&#8243;][stm_spacing lg_spacing=&#8221;20&#8243; md_spacing=&#8221;20&#8243; sm_spacing=&#8221;20&#8243; xs_spacing=&#8221;20&#8243;][stm_spacing lg_spacing=&#8221;100&#8243; md_spacing=&#8221;100&#8243; sm_spacing=&#8221;80&#8243; xs_spacing=&#8221;115&#8243;][\/vc_column][\/vc_row][vc_row full_width=&#8221;stretch_row&#8221; css=&#8221;.vc_custom_1678775644524{margin-top: -115px !important;margin-bottom: 0px !important;padding-bottom: 0px !important;background-image: url(https:\/\/smartyschool.stylemixthemes.com\/kindergarten-two\/wp-content\/uploads\/2019\/10\/wave_bottom.png?id=5070) !important;background-position: center !important;background-repeat: no-repeat !important;background-size: cover !important;}&#8221; el_class=&#8221;superiority_section&#8221;][vc_column css=&#8221;.vc_custom_1570015088817{padding-top: 0px !important;}&#8221;][stm_spacing lg_spacing=&#8221;115&#8243; md_spacing=&#8221;115&#8243; sm_spacing=&#8221;115&#8243; xs_spacing=&#8221;115&#8243;][\/vc_column][\/vc_row]<\/p>\n","protected":false},"excerpt":{"rendered":"<p>[vc_row][vc_column][stm_title title_align=&#8221;center&#8221; title_margin_t=&#8221;5px&#8221; title_margin_b=&#8221;31px&#8221; title=&#8221;Programi&#8221;][\/stm_title][\/vc_column][\/vc_row][vc_row][vc_column width=&#8221;3\/4&#8243;][vc_column_text]Program je zasnovan na podlagi javno veljavnega nacionalnega programa \u2013 Kurikula za vrtec, ki ga je marca 1999 sprejel Strokovni svet RS za splo\u0161no izobra\u017eevanje. Vsebuje temeljna na\u010dela, cilje in dejavnosti, ki omogo\u010dajo strokovno na\u010drtovanje \u017eivljenja in dela v vrtcu in s tem premik k doseganju ustrezne kakovosti pred\u0161olske vzgoje. [&hellip;]<\/p>\n","protected":false},"author":1,"featured_media":0,"parent":0,"menu_order":0,"comment_status":"closed","ping_status":"closed","template":"","meta":{"footnotes":""},"class_list":["post-5283","page","type-page","status-publish","hentry"],"_links":{"self":[{"href":"https:\/\/vrtec-radenci.si\/index.php?rest_route=\/wp\/v2\/pages\/5283","targetHints":{"allow":["GET"]}}],"collection":[{"href":"https:\/\/vrtec-radenci.si\/index.php?rest_route=\/wp\/v2\/pages"}],"about":[{"href":"https:\/\/vrtec-radenci.si\/index.php?rest_route=\/wp\/v2\/types\/page"}],"author":[{"embeddable":true,"href":"https:\/\/vrtec-radenci.si\/index.php?rest_route=\/wp\/v2\/users\/1"}],"replies":[{"embeddable":true,"href":"https:\/\/vrtec-radenci.si\/index.php?rest_route=%2Fwp%2Fv2%2Fcomments&post=5283"}],"version-history":[{"count":21,"href":"https:\/\/vrtec-radenci.si\/index.php?rest_route=\/wp\/v2\/pages\/5283\/revisions"}],"predecessor-version":[{"id":6157,"href":"https:\/\/vrtec-radenci.si\/index.php?rest_route=\/wp\/v2\/pages\/5283\/revisions\/6157"}],"wp:attachment":[{"href":"https:\/\/vrtec-radenci.si\/index.php?rest_route=%2Fwp%2Fv2%2Fmedia&parent=5283"}],"curies":[{"name":"wp","href":"https:\/\/api.w.org\/{rel}","templated":true}]}}