{"id":5319,"date":"2023-03-09T06:55:57","date_gmt":"2023-03-09T06:55:57","guid":{"rendered":"http:\/\/vrtec-radenci.si\/?page_id=5319"},"modified":"2023-03-14T06:38:23","modified_gmt":"2023-03-14T06:38:23","slug":"svet-starsev","status":"publish","type":"page","link":"https:\/\/vrtec-radenci.si\/?page_id=5319","title":{"rendered":"Svet star\u0161ev"},"content":{"rendered":"<p>[vc_row][vc_column][stm_title title_align=&#8221;center&#8221; title_margin_t=&#8221;5px&#8221; title_margin_b=&#8221;31px&#8221; title=&#8221;Svet star\u0161ev&#8221;][\/stm_title][\/vc_column][\/vc_row][vc_row][vc_column width=&#8221;3\/4&#8243;][vc_column_text]V za\u010detku \u0161olskega leta se sestavi SVET STAR\u0160EV, v katerem ima vsak oddelek svojega predstavnika, ki ga star\u0161i izvolijo na prvem roditeljskem sestanku.<\/p>\n<p><strong>Svet star\u0161ev:<\/strong><\/p>\n<ul>\n<li>predlaga nadstandardne programe,<\/li>\n<li>daje soglasje k predlogu ravnatelja o nadstandardnih storitvah,<\/li>\n<li>sodeluje pri nastajanju predloga programa razvoja vrtca,<\/li>\n<li>poda mnenje o letnem delovnem na\u010drtu vrtca,<\/li>\n<li>daje mnenje o kandidatih, ki izpolnjujejo pogoje za ravnatelja,<\/li>\n<li>razpravlja o poro\u010dilih ravnatelja o vzgojno izobra\u017eevalnem delu,<\/li>\n<li>obravnava prito\u017ebe star\u0161ev v zvezi z vzgojno izobra\u017eevalnim delom,<\/li>\n<li>voli predstavnike star\u0161ev v Svet vrtca,<\/li>\n<li>opravlja druge naloge v skladu z zakonom in drugimi predpisi.<\/li>\n<\/ul>\n<p>[\/vc_column_text][\/vc_column][vc_column width=&#8221;1\/4&#8243;][stm_single_image img_alignment=&#8221;center&#8221; img_id=&#8221;5251&#8243;][\/vc_column][\/vc_row][vc_row full_width=&#8221;stretch_row&#8221; css=&#8221;.vc_custom_1678775883437{margin-bottom: 0px !important;padding-bottom: 0px !important;background-image: url(https:\/\/smartyschool.stylemixthemes.com\/kindergarten-two\/wp-content\/uploads\/2019\/10\/wave_top.png?id=5093) !important;background-position: center !important;background-repeat: no-repeat !important;background-size: cover !important;}&#8221; el_class=&#8221;superiority_section&#8221;][vc_column css=&#8221;.vc_custom_1570015088817{padding-top: 0px !important;}&#8221;][stm_spacing lg_spacing=&#8221;115&#8243; md_spacing=&#8221;115&#8243; sm_spacing=&#8221;115&#8243; xs_spacing=&#8221;115&#8243;][\/vc_column][\/vc_row][vc_row full_width=&#8221;stretch_row&#8221; css=&#8221;.vc_custom_1676271446360{margin-top: -115px !important;background: #fea633 url(http:\/\/vrtec-radenci.si\/wp-content\/uploads\/2023\/01\/school-g1dadcb3f0_1280.png?id=5135) !important;background-position: center !important;background-repeat: no-repeat !important;background-size: cover !important;}&#8221;][vc_column][stm_spacing lg_spacing=&#8221;115&#8243; md_spacing=&#8221;115&#8243; sm_spacing=&#8221;115&#8243; xs_spacing=&#8221;135&#8243;][stm_spacing lg_spacing=&#8221;20&#8243; md_spacing=&#8221;20&#8243; sm_spacing=&#8221;20&#8243; xs_spacing=&#8221;20&#8243;][stm_spacing lg_spacing=&#8221;100&#8243; md_spacing=&#8221;100&#8243; sm_spacing=&#8221;80&#8243; xs_spacing=&#8221;115&#8243;][\/vc_column][\/vc_row][vc_row full_width=&#8221;stretch_row&#8221; css=&#8221;.vc_custom_1678775875363{margin-top: -115px !important;margin-bottom: 0px !important;padding-bottom: 0px !important;background-image: url(https:\/\/smartyschool.stylemixthemes.com\/kindergarten-two\/wp-content\/uploads\/2019\/10\/wave_bottom.png?id=5070) !important;background-position: center !important;background-repeat: no-repeat !important;background-size: cover !important;}&#8221; el_class=&#8221;superiority_section&#8221;][vc_column css=&#8221;.vc_custom_1570015088817{padding-top: 0px !important;}&#8221;][stm_spacing lg_spacing=&#8221;115&#8243; md_spacing=&#8221;115&#8243; sm_spacing=&#8221;115&#8243; xs_spacing=&#8221;115&#8243;][\/vc_column][\/vc_row]<\/p>\n","protected":false},"excerpt":{"rendered":"<p>[vc_row][vc_column][stm_title title_align=&#8221;center&#8221; title_margin_t=&#8221;5px&#8221; title_margin_b=&#8221;31px&#8221; title=&#8221;Svet star\u0161ev&#8221;][\/stm_title][\/vc_column][\/vc_row][vc_row][vc_column width=&#8221;3\/4&#8243;][vc_column_text]V za\u010detku \u0161olskega leta se sestavi SVET STAR\u0160EV, v katerem ima vsak oddelek svojega predstavnika, ki ga star\u0161i izvolijo na prvem roditeljskem sestanku. Svet star\u0161ev: predlaga nadstandardne programe, daje soglasje k predlogu ravnatelja o nadstandardnih storitvah, sodeluje pri nastajanju predloga programa razvoja vrtca, poda mnenje o letnem delovnem na\u010drtu [&hellip;]<\/p>\n","protected":false},"author":1,"featured_media":0,"parent":0,"menu_order":0,"comment_status":"closed","ping_status":"closed","template":"","meta":{"footnotes":""},"class_list":["post-5319","page","type-page","status-publish","hentry"],"_links":{"self":[{"href":"https:\/\/vrtec-radenci.si\/index.php?rest_route=\/wp\/v2\/pages\/5319","targetHints":{"allow":["GET"]}}],"collection":[{"href":"https:\/\/vrtec-radenci.si\/index.php?rest_route=\/wp\/v2\/pages"}],"about":[{"href":"https:\/\/vrtec-radenci.si\/index.php?rest_route=\/wp\/v2\/types\/page"}],"author":[{"embeddable":true,"href":"https:\/\/vrtec-radenci.si\/index.php?rest_route=\/wp\/v2\/users\/1"}],"replies":[{"embeddable":true,"href":"https:\/\/vrtec-radenci.si\/index.php?rest_route=%2Fwp%2Fv2%2Fcomments&post=5319"}],"version-history":[{"count":3,"href":"https:\/\/vrtec-radenci.si\/index.php?rest_route=\/wp\/v2\/pages\/5319\/revisions"}],"predecessor-version":[{"id":5455,"href":"https:\/\/vrtec-radenci.si\/index.php?rest_route=\/wp\/v2\/pages\/5319\/revisions\/5455"}],"wp:attachment":[{"href":"https:\/\/vrtec-radenci.si\/index.php?rest_route=%2Fwp%2Fv2%2Fmedia&parent=5319"}],"curies":[{"name":"wp","href":"https:\/\/api.w.org\/{rel}","templated":true}]}}