{"id":5324,"date":"2023-03-02T11:26:24","date_gmt":"2023-03-02T11:26:24","guid":{"rendered":"http:\/\/vrtec-radenci.si\/?page_id=5324"},"modified":"2024-02-28T18:29:51","modified_gmt":"2024-02-28T18:29:51","slug":"program-za-krepitev-moci-prijaznosti","status":"publish","type":"page","link":"https:\/\/vrtec-radenci.si\/?page_id=5324","title":{"rendered":"Program za krepitev mo\u010di prijaznosti"},"content":{"rendered":"<p>[vc_row][vc_column][stm_title title_align=&#8221;center&#8221; title_margin_t=&#8221;5px&#8221; title_margin_b=&#8221;31px&#8221; title=&#8221;Program za krepitev mo\u010di prijaznosti&#8221;][\/stm_title][\/vc_column][\/vc_row][vc_row][vc_column width=&#8221;3\/4&#8243;][vc_column_text]Projekt poteka pod okriljem ISA in\u0161tituta.<br \/>\nNamen: Program temelji na principih \u010duje\u010dnosti in spodbuja krepitev osebne<br \/>\npro\u017enosti pri mlaj\u0161ih otrocih. Razvili so ga v organizaciji Healthy Minds<br \/>\nInnovations, Inc. iz ZDA.<br \/>\nCilji:<br \/>\n\uf0b7 Spoznati koncept mo\u010di zna\u010daja, osebne pro\u017enosti in \u010duje\u010dnosti.<br \/>\n\uf0b7 Usposobiti se za izvajanje Programa za krepitev mo\u010di prijaznosti z otroki v<br \/>\nvrtcu.<br \/>\n\uf0b7 Izvedba 24 kratkih delavnic, na katerih se z otroki pogovarjamo o<br \/>\n\u010duje\u010dnosti, \u010dustvih, na\u010dinih, kako smo lahko prijazni do sebe in do drugih,<br \/>\nkako lahko umirimo svoje misli in svoje telo, o hvale\u017enosti.<br \/>\n\uf0b7 Preko izkustvenega dela krepiti lastno osebno pro\u017enost.<br \/>\nTematski sklopi programa:<br \/>\n&#8211; \u010cuje\u010da telesa in sejanje semena prijaznosti<br \/>\n&#8211; \u010custva \u010dutim znotraj v sebi<br \/>\n&#8211; To, kako se po\u010dutim znotraj v sebi, se ka\u017ee navzven<br \/>\n&#8211; Skrb za mo\u010dna \u010dustva<br \/>\n&#8211; Umirjanje in razre\u0161evanje problemov<br \/>\n&#8211; Hvale\u017enost<br \/>\n&#8211; Vsi ljudje smo odvisni drug od drugega in od zemlje<br \/>\n&#8211; Hvale\u017enost in skrb za na\u0161 svet<br \/>\n\u010cas izvajanja: celo \u0161olsko leto<br \/>\nVodja projekta: Tja\u0161a Jeri\u010d, mag. ped.[\/vc_column_text][\/vc_column][vc_column width=&#8221;1\/4&#8243;][stm_single_image img_alignment=&#8221;center&#8221; img_id=&#8221;5111&#8243;][\/vc_column][\/vc_row][vc_row full_width=&#8221;stretch_row&#8221; css=&#8221;.vc_custom_1678775731872{margin-bottom: 0px !important;padding-bottom: 0px !important;background-image: url(https:\/\/smartyschool.stylemixthemes.com\/kindergarten-two\/wp-content\/uploads\/2019\/10\/wave_top.png?id=5093) !important;background-position: center !important;background-repeat: no-repeat !important;background-size: cover !important;}&#8221; el_class=&#8221;superiority_section&#8221;][vc_column css=&#8221;.vc_custom_1570015088817{padding-top: 0px !important;}&#8221;][stm_spacing lg_spacing=&#8221;115&#8243; md_spacing=&#8221;115&#8243; sm_spacing=&#8221;115&#8243; xs_spacing=&#8221;115&#8243;][\/vc_column][\/vc_row][vc_row full_width=&#8221;stretch_row&#8221; css=&#8221;.vc_custom_1676271446360{margin-top: -115px !important;background: #fea633 url(http:\/\/vrtec-radenci.si\/wp-content\/uploads\/2023\/01\/school-g1dadcb3f0_1280.png?id=5135) !important;background-position: center !important;background-repeat: no-repeat !important;background-size: cover !important;}&#8221;][vc_column][stm_spacing lg_spacing=&#8221;115&#8243; md_spacing=&#8221;115&#8243; sm_spacing=&#8221;115&#8243; xs_spacing=&#8221;135&#8243;][stm_spacing lg_spacing=&#8221;20&#8243; md_spacing=&#8221;20&#8243; sm_spacing=&#8221;20&#8243; xs_spacing=&#8221;20&#8243;][stm_spacing lg_spacing=&#8221;100&#8243; md_spacing=&#8221;100&#8243; sm_spacing=&#8221;80&#8243; xs_spacing=&#8221;115&#8243;][\/vc_column][\/vc_row][vc_row full_width=&#8221;stretch_row&#8221; css=&#8221;.vc_custom_1678775724558{margin-top: -115px !important;margin-bottom: 0px !important;padding-bottom: 0px !important;background-image: url(https:\/\/smartyschool.stylemixthemes.com\/kindergarten-two\/wp-content\/uploads\/2019\/10\/wave_bottom.png?id=5070) !important;background-position: center !important;background-repeat: no-repeat !important;background-size: cover !important;}&#8221; el_class=&#8221;superiority_section&#8221;][vc_column css=&#8221;.vc_custom_1570015088817{padding-top: 0px !important;}&#8221;][stm_spacing lg_spacing=&#8221;115&#8243; md_spacing=&#8221;115&#8243; sm_spacing=&#8221;115&#8243; xs_spacing=&#8221;115&#8243;][\/vc_column][\/vc_row]<\/p>\n","protected":false},"excerpt":{"rendered":"<p>[vc_row][vc_column][stm_title title_align=&#8221;center&#8221; title_margin_t=&#8221;5px&#8221; title_margin_b=&#8221;31px&#8221; title=&#8221;Program za krepitev mo\u010di prijaznosti&#8221;][\/stm_title][\/vc_column][\/vc_row][vc_row][vc_column width=&#8221;3\/4&#8243;][vc_column_text]Projekt poteka pod okriljem ISA in\u0161tituta. Namen: Program temelji na principih \u010duje\u010dnosti in spodbuja krepitev osebne pro\u017enosti pri mlaj\u0161ih otrocih. Razvili so ga v organizaciji Healthy Minds Innovations, Inc. iz ZDA. Cilji: \uf0b7 Spoznati koncept mo\u010di zna\u010daja, osebne pro\u017enosti in \u010duje\u010dnosti. \uf0b7 Usposobiti se za izvajanje [&hellip;]<\/p>\n","protected":false},"author":1,"featured_media":0,"parent":0,"menu_order":0,"comment_status":"closed","ping_status":"closed","template":"","meta":{"footnotes":""},"class_list":["post-5324","page","type-page","status-publish","hentry"],"_links":{"self":[{"href":"https:\/\/vrtec-radenci.si\/index.php?rest_route=\/wp\/v2\/pages\/5324","targetHints":{"allow":["GET"]}}],"collection":[{"href":"https:\/\/vrtec-radenci.si\/index.php?rest_route=\/wp\/v2\/pages"}],"about":[{"href":"https:\/\/vrtec-radenci.si\/index.php?rest_route=\/wp\/v2\/types\/page"}],"author":[{"embeddable":true,"href":"https:\/\/vrtec-radenci.si\/index.php?rest_route=\/wp\/v2\/users\/1"}],"replies":[{"embeddable":true,"href":"https:\/\/vrtec-radenci.si\/index.php?rest_route=%2Fwp%2Fv2%2Fcomments&post=5324"}],"version-history":[{"count":10,"href":"https:\/\/vrtec-radenci.si\/index.php?rest_route=\/wp\/v2\/pages\/5324\/revisions"}],"predecessor-version":[{"id":5873,"href":"https:\/\/vrtec-radenci.si\/index.php?rest_route=\/wp\/v2\/pages\/5324\/revisions\/5873"}],"wp:attachment":[{"href":"https:\/\/vrtec-radenci.si\/index.php?rest_route=%2Fwp%2Fv2%2Fmedia&parent=5324"}],"curies":[{"name":"wp","href":"https:\/\/api.w.org\/{rel}","templated":true}]}}