{"id":5390,"date":"2023-03-09T06:15:59","date_gmt":"2023-03-09T06:15:59","guid":{"rendered":"http:\/\/vrtec-radenci.si\/?page_id=5390"},"modified":"2025-03-10T18:57:59","modified_gmt":"2025-03-10T18:57:59","slug":"erasmus-3","status":"publish","type":"page","link":"https:\/\/vrtec-radenci.si\/?page_id=5390","title":{"rendered":"ERASMUS +"},"content":{"rendered":"<p>[vc_row][vc_column][stm_title title_align=&#8221;center&#8221; title_margin_t=&#8221;5px&#8221; title_margin_b=&#8221;31px&#8221; title=&#8221;ERASMUS+&#8221;][\/stm_title][\/vc_column][\/vc_row][vc_row][vc_column width=&#8221;3\/4&#8243;][vc_column_text]PROJEKT KA 121: Trajnostno igri\u0161\u010de (Sustainable playground)<\/p>\n<p><u>Cilji:<br \/>\n<\/u>&#8211; Nadgraditi znanje in kompetence strokovnih delavcev z vsebinami trajnostnega okolja<br \/>\n&#8211; Nadgraditi u\u010dno okolje z vsebinami trajnostne vzgoje<br \/>\n&#8211; Ozave\u0161\u010dati star\u0161e in lokalno skupnost o vsebinah trajnostnega razvoja in jih spodbujati k vna\u0161anju teh vsebin v vsakodnevno \u017eivljenje<br \/>\n&#8211; Pri otrocih spodbujati razvoj vrednot in kompetenc v u\u010dnem okolju, ki sledi vsebinam trajnostne vzgoje<\/p>\n<p><u>Vsebine (povezane s cilji):<br \/>\n<\/u>&#8211; Spremljanje dela strokovnih delavcev partnerskih vrtcev ter u\u010dno kolje, ki ga ustvarjajo in v katerem pripravljajo aktivnosti. Posledi\u010dno bomo s tem krepili kompetence strokovnih delavcev s podro\u010dja trajnostnega razvoja, spoznavali inovativne metode in tehnike dela ter izbolj\u0161ali u\u010denje tujih jezikov tako strokovnih delavcev kot deloma tudi otrok. S pridobljenim znanjem in izku\u0161njami strokovnih delavcev bodo pridobili tudi otroci, saj bodo strokovni delavci vna\u0161ali nove metode v svoje delo.<br \/>\n&#8211; Vrtec je vklju\u010den \u017ee v druge projekte in aktivnosti, ki sledijo ciljem in vsebinam trajnostnega razvoja (podnebni cilji in vsebine v vzgoji in izobra\u017eevanju, eko vsebine, trajnostna mobilnost, lo\u010devanje odpadkov, var\u010devanje s hrano, z energijo, vodo, .. gozdni vrtec idr.). Te vsebine \u017eelimo nadgraditi in jih \u0161e bolj ozavestiti.<br \/>\n&#8211; Predstavitev na\u0161ega projekta star\u0161em in lokalni skupnosti. Priprava promocijskega gradiva, ogla\u0161evanje v medijih, povabilo k sodelovanju.<\/p>\n<p><u>Partnerski vrtci, kjer se je oz. se \u0161e bo spremljalo delo:<br \/>\n<\/u>&#8211; B\u00f8rn &amp; Uddannelse, S\u00f8nderborg (Danska)<br \/>\n&#8211; \u0160ilut\u0117s lop\u0161elis \u2013 dar\u017eelis \u00bbRaudonkepurait\u0117\u00ab, \u0160ilut\u0117 (Litva)<br \/>\n&#8211; Ceip Joan XXIII (\u0160panija)<br \/>\n&#8211; Escola Infantil de Primer Cicle Anna Lluch (\u0160panija)<br \/>\n&#8211; Nipiagogeio Latsion, Nicosia (Ciper)<br \/>\n&#8211; F\u00f6rscholorna Rapph\u00f6onan, Lund (\u0160vedska)<\/p>\n<p><u>Koordinator na nivoju vrtca<\/u>: Barbara Gomboc, ravnateljica<\/p>\n<p><u>\u010clani tima<\/u>: Barbara Gomboc, dipl. prof. ang. in ped., Nata\u0161a Klement Jendri\u0107, vzg., Aleksandra Fifolt, dipl. vzg., Mario Poto\u010dnik, dipl. vzg., Niko Pelc, vzg. in \u00a0Lucija Ogrin, vzg.<\/p>\n<p><u>Trajanje projekta<\/u>: od 15. 10. 2023 do 14. 3. 2025<\/p>\n<p>Povezava do \u010dlankov\u00a0 Erasmus KA 121 (sen\u010denje na delovnem mestu):<\/p>\n<p><a href=\"http:\/\/vrtec-radenci.si\/wp-content\/uploads\/2025\/03\/clanek-Svedska-1.pdf\">\u0160vedska\u00a0\u00a0<\/a><\/p>\n<p><a href=\"http:\/\/vrtec-radenci.si\/wp-content\/uploads\/2025\/03\/Clanek-obisk-na-Danskem-1.pdf\">Danska<\/a><\/p>\n<p><a href=\"http:\/\/vrtec-radenci.si\/wp-content\/uploads\/2025\/03\/Ciper.pdf\">Ciper<\/a><\/p>\n<p><a href=\"http:\/\/vrtec-radenci.si\/wp-content\/uploads\/2025\/03\/clanek-Litva-1.pdf\"> Litva<\/a><\/p>\n<p><a href=\"http:\/\/vrtec-radenci.si\/wp-content\/uploads\/2025\/03\/Clanek-o-mobilnosti-v-Spaniji-2.pdf\">\u0160panija<\/a>[\/vc_column_text][\/vc_column][vc_column width=&#8221;1\/4&#8243;][stm_single_image img_alignment=&#8221;center&#8221; img_id=&#8221;5369&#8243;][\/vc_column][\/vc_row][vc_row full_width=&#8221;stretch_row&#8221; css=&#8221;.vc_custom_1676271478182{margin-bottom: 0px !important;padding-bottom: 0px !important;background-image: url(https:\/\/smartyschool.stylemixthemes.com\/kindergarten-two\/wp-content\/uploads\/2019\/10\/wave_top.png?id=5093) !important;background-position: 0 0 !important;background-repeat: no-repeat !important;}&#8221; el_class=&#8221;superiority_section&#8221;][vc_column css=&#8221;.vc_custom_1570015088817{padding-top: 0px !important;}&#8221;][stm_spacing lg_spacing=&#8221;115&#8243; md_spacing=&#8221;115&#8243; sm_spacing=&#8221;115&#8243; xs_spacing=&#8221;115&#8243;][\/vc_column][\/vc_row][vc_row full_width=&#8221;stretch_row&#8221; css=&#8221;.vc_custom_1676271446360{margin-top: -115px !important;background: #fea633 url(http:\/\/vrtec-radenci.si\/wp-content\/uploads\/2023\/01\/school-g1dadcb3f0_1280.png?id=5135) !important;background-position: center !important;background-repeat: no-repeat !important;background-size: cover !important;}&#8221;][vc_column][stm_spacing lg_spacing=&#8221;115&#8243; md_spacing=&#8221;115&#8243; sm_spacing=&#8221;115&#8243; xs_spacing=&#8221;135&#8243;][stm_spacing lg_spacing=&#8221;20&#8243; md_spacing=&#8221;20&#8243; sm_spacing=&#8221;20&#8243; xs_spacing=&#8221;20&#8243;][stm_spacing lg_spacing=&#8221;100&#8243; md_spacing=&#8221;100&#8243; sm_spacing=&#8221;80&#8243; xs_spacing=&#8221;115&#8243;][\/vc_column][\/vc_row][vc_row full_width=&#8221;stretch_row&#8221; css=&#8221;.vc_custom_1676271414417{margin-top: -115px !important;margin-bottom: 0px !important;padding-bottom: 0px !important;background-image: url(https:\/\/smartyschool.stylemixthemes.com\/kindergarten-two\/wp-content\/uploads\/2019\/10\/wave_bottom.png?id=5070) !important;background-position: 0 0 !important;background-repeat: no-repeat !important;}&#8221; el_class=&#8221;superiority_section&#8221;][vc_column css=&#8221;.vc_custom_1570015088817{padding-top: 0px !important;}&#8221;][stm_spacing lg_spacing=&#8221;115&#8243; md_spacing=&#8221;115&#8243; sm_spacing=&#8221;115&#8243; xs_spacing=&#8221;115&#8243;][\/vc_column][\/vc_row]<\/p>\n","protected":false},"excerpt":{"rendered":"<p>[vc_row][vc_column][stm_title title_align=&#8221;center&#8221; title_margin_t=&#8221;5px&#8221; title_margin_b=&#8221;31px&#8221; title=&#8221;ERASMUS+&#8221;][\/stm_title][\/vc_column][\/vc_row][vc_row][vc_column width=&#8221;3\/4&#8243;][vc_column_text]PROJEKT KA 121: Trajnostno igri\u0161\u010de (Sustainable playground) Cilji: &#8211; Nadgraditi znanje in kompetence strokovnih delavcev z vsebinami trajnostnega okolja &#8211; Nadgraditi u\u010dno okolje z vsebinami trajnostne vzgoje &#8211; Ozave\u0161\u010dati star\u0161e in lokalno skupnost o vsebinah trajnostnega razvoja in jih spodbujati k vna\u0161anju teh vsebin v vsakodnevno \u017eivljenje &#8211; Pri otrocih [&hellip;]<\/p>\n","protected":false},"author":1,"featured_media":0,"parent":0,"menu_order":0,"comment_status":"closed","ping_status":"closed","template":"","meta":{"footnotes":""},"class_list":["post-5390","page","type-page","status-publish","hentry"],"_links":{"self":[{"href":"https:\/\/vrtec-radenci.si\/index.php?rest_route=\/wp\/v2\/pages\/5390","targetHints":{"allow":["GET"]}}],"collection":[{"href":"https:\/\/vrtec-radenci.si\/index.php?rest_route=\/wp\/v2\/pages"}],"about":[{"href":"https:\/\/vrtec-radenci.si\/index.php?rest_route=\/wp\/v2\/types\/page"}],"author":[{"embeddable":true,"href":"https:\/\/vrtec-radenci.si\/index.php?rest_route=\/wp\/v2\/users\/1"}],"replies":[{"embeddable":true,"href":"https:\/\/vrtec-radenci.si\/index.php?rest_route=%2Fwp%2Fv2%2Fcomments&post=5390"}],"version-history":[{"count":25,"href":"https:\/\/vrtec-radenci.si\/index.php?rest_route=\/wp\/v2\/pages\/5390\/revisions"}],"predecessor-version":[{"id":6261,"href":"https:\/\/vrtec-radenci.si\/index.php?rest_route=\/wp\/v2\/pages\/5390\/revisions\/6261"}],"wp:attachment":[{"href":"https:\/\/vrtec-radenci.si\/index.php?rest_route=%2Fwp%2Fv2%2Fmedia&parent=5390"}],"curies":[{"name":"wp","href":"https:\/\/api.w.org\/{rel}","templated":true}]}}