{"id":6162,"date":"2025-02-10T13:15:11","date_gmt":"2025-02-10T13:15:11","guid":{"rendered":"https:\/\/vrtec-radenci.si\/?page_id=6162"},"modified":"2025-02-10T13:15:11","modified_gmt":"2025-02-10T13:15:11","slug":"sobivanje-drustvo-za-trajnostni-razvoj","status":"publish","type":"page","link":"https:\/\/vrtec-radenci.si\/?page_id=6162","title":{"rendered":"SOBIVANJE &#8211; Dru\u0161tvo za trajnostni razvoj"},"content":{"rendered":"<p><strong>Podprojekt: SPODBUJAMO PRIJATELJSTVO<\/strong><\/p>\n<p>Cilj: Spodbuditi razmi\u0161ljanje otrok o pomenu medsebojnih odnosov.<\/p>\n<p><u>Koordinatorka<\/u>: Beti \u0160krjanec, dipl. vzg.<\/p>\n<p><u>Sodelujo\u010di<\/u>: 2-3 let (Barbamal\u010dki), 3-5 let (Zabavni smrkci)<\/p>\n<p><u>\u010cas trajanja<\/u>: celo \u0161olsko leto<\/p>\n<p><u>Kotizacija<\/u>: 100 evrov<\/p>\n","protected":false},"excerpt":{"rendered":"<p>Podprojekt: SPODBUJAMO PRIJATELJSTVO Cilj: Spodbuditi razmi\u0161ljanje otrok o pomenu medsebojnih odnosov. Koordinatorka: Beti \u0160krjanec, dipl. vzg. Sodelujo\u010di: 2-3 let (Barbamal\u010dki), 3-5 let (Zabavni smrkci) \u010cas trajanja: celo \u0161olsko leto Kotizacija: 100 evrov<\/p>\n","protected":false},"author":2,"featured_media":0,"parent":0,"menu_order":0,"comment_status":"closed","ping_status":"closed","template":"","meta":{"footnotes":""},"class_list":["post-6162","page","type-page","status-publish","hentry"],"_links":{"self":[{"href":"https:\/\/vrtec-radenci.si\/index.php?rest_route=\/wp\/v2\/pages\/6162","targetHints":{"allow":["GET"]}}],"collection":[{"href":"https:\/\/vrtec-radenci.si\/index.php?rest_route=\/wp\/v2\/pages"}],"about":[{"href":"https:\/\/vrtec-radenci.si\/index.php?rest_route=\/wp\/v2\/types\/page"}],"author":[{"embeddable":true,"href":"https:\/\/vrtec-radenci.si\/index.php?rest_route=\/wp\/v2\/users\/2"}],"replies":[{"embeddable":true,"href":"https:\/\/vrtec-radenci.si\/index.php?rest_route=%2Fwp%2Fv2%2Fcomments&post=6162"}],"version-history":[{"count":1,"href":"https:\/\/vrtec-radenci.si\/index.php?rest_route=\/wp\/v2\/pages\/6162\/revisions"}],"predecessor-version":[{"id":6163,"href":"https:\/\/vrtec-radenci.si\/index.php?rest_route=\/wp\/v2\/pages\/6162\/revisions\/6163"}],"wp:attachment":[{"href":"https:\/\/vrtec-radenci.si\/index.php?rest_route=%2Fwp%2Fv2%2Fmedia&parent=6162"}],"curies":[{"name":"wp","href":"https:\/\/api.w.org\/{rel}","templated":true}]}}