{"id":6176,"date":"2025-02-10T13:48:27","date_gmt":"2025-02-10T13:48:27","guid":{"rendered":"https:\/\/vrtec-radenci.si\/?page_id=6176"},"modified":"2025-02-10T13:48:31","modified_gmt":"2025-02-10T13:48:31","slug":"pasavcek","status":"publish","type":"page","link":"https:\/\/vrtec-radenci.si\/?page_id=6176","title":{"rendered":"PASAV\u010cEK"},"content":{"rendered":"<p>Osnovna tema: varna vo\u017enja otrok v avtomobilu in uporaba otro\u0161kih varnostnih sede\u017eev in varnostnih pasov (pri odraslih in otrocih). Otroci bodo tudi opozarjali odrasle glede uporabe varnostnih pasov (posredovanje sporo\u010dil in opozoril star\u0161em, starim star\u0161em in drugim odraslim, s katerimi se vozijo, lahko pa tudi na ravni vrt\u010devskega okoli\u0161a, drugim oddelkom, v ob\u010dini itn.).<\/p>\n<p><u>Koordinatorka<\/u>: Tadeja Mulec, dipl. vzg.<\/p>\n<p><u>Sodelujo\u010di<\/u>: 2-3 let (Pogumni pal\u010dki), 3-5 let (Zabavni smrkci)<\/p>\n<p><u>\u010cas trajanja<\/u>: celo \u0161olsko leto<\/p>\n<p>Vsebina nima kotizacije.<\/p>\n","protected":false},"excerpt":{"rendered":"<p>Osnovna tema: varna vo\u017enja otrok v avtomobilu in uporaba otro\u0161kih varnostnih sede\u017eev in varnostnih pasov (pri odraslih in otrocih). Otroci bodo tudi opozarjali odrasle glede uporabe varnostnih pasov (posredovanje sporo\u010dil in opozoril star\u0161em, starim star\u0161em in drugim odraslim, s katerimi se vozijo, lahko pa tudi na ravni vrt\u010devskega okoli\u0161a, drugim oddelkom, v ob\u010dini itn.). Koordinatorka: [&hellip;]<\/p>\n","protected":false},"author":2,"featured_media":0,"parent":0,"menu_order":0,"comment_status":"closed","ping_status":"closed","template":"","meta":{"footnotes":""},"class_list":["post-6176","page","type-page","status-publish","hentry"],"_links":{"self":[{"href":"https:\/\/vrtec-radenci.si\/index.php?rest_route=\/wp\/v2\/pages\/6176","targetHints":{"allow":["GET"]}}],"collection":[{"href":"https:\/\/vrtec-radenci.si\/index.php?rest_route=\/wp\/v2\/pages"}],"about":[{"href":"https:\/\/vrtec-radenci.si\/index.php?rest_route=\/wp\/v2\/types\/page"}],"author":[{"embeddable":true,"href":"https:\/\/vrtec-radenci.si\/index.php?rest_route=\/wp\/v2\/users\/2"}],"replies":[{"embeddable":true,"href":"https:\/\/vrtec-radenci.si\/index.php?rest_route=%2Fwp%2Fv2%2Fcomments&post=6176"}],"version-history":[{"count":1,"href":"https:\/\/vrtec-radenci.si\/index.php?rest_route=\/wp\/v2\/pages\/6176\/revisions"}],"predecessor-version":[{"id":6177,"href":"https:\/\/vrtec-radenci.si\/index.php?rest_route=\/wp\/v2\/pages\/6176\/revisions\/6177"}],"wp:attachment":[{"href":"https:\/\/vrtec-radenci.si\/index.php?rest_route=%2Fwp%2Fv2%2Fmedia&parent=6176"}],"curies":[{"name":"wp","href":"https:\/\/api.w.org\/{rel}","templated":true}]}}