{"id":6182,"date":"2025-02-10T13:55:18","date_gmt":"2025-02-10T13:55:18","guid":{"rendered":"https:\/\/vrtec-radenci.si\/?page_id=6182"},"modified":"2025-02-10T13:55:18","modified_gmt":"2025-02-10T13:55:18","slug":"zdravje-v-vrtcu","status":"publish","type":"page","link":"https:\/\/vrtec-radenci.si\/?page_id=6182","title":{"rendered":"ZDRAVJE V VRTCU"},"content":{"rendered":"<p>Program je usmerjen v promocijo zdravega na\u010dina \u017eivljenja in spodbuja k izvajanju dejavnosti, ki ohranjajo in krepijo zdravje v vrt\u010devskem okolju in lokalni skupnosti. Vklju\u010duje celosten pristop in strmi h kontinuiranemu izvajanju dejavnosti, ki dokazano prispevajo k doseganju bolj\u0161ih rezultatov. Namen programa je, da vklju\u010deni vrtci spodbujajo, omogo\u010dajo in krepijo zdravje vseh, ki vstopajo v njihovo okolje na razli\u010dnih podro\u010djih \u2013 telesnem, du\u0161evnem, socialnem in okoljskem zdravju, ter sku\u0161ajo vplivati na vedenje posameznikov.<\/p>\n<p><u>Koordinatorka<\/u>: Aleksandra Fifolt, dipl. vzg.<\/p>\n<p><u>Sodelujo\u010di<\/u>: 1-3 let (Medvedki sladkosnedki), 2-3 let (Pogumni pal\u010dki), 2-3 let (Barbamal\u010dki), 3-4 let (Pisani balon\u010dki), 4-6 let (Radovedne ta\u010dke) in 4-6 let (Razigrane \u017eogice).<\/p>\n<p><u>\u010cas trajanja<\/u>: celo \u0161olsko leto<\/p>\n<p>Vsebina nima kotizacije.<\/p>\n","protected":false},"excerpt":{"rendered":"<p>Program je usmerjen v promocijo zdravega na\u010dina \u017eivljenja in spodbuja k izvajanju dejavnosti, ki ohranjajo in krepijo zdravje v vrt\u010devskem okolju in lokalni skupnosti. Vklju\u010duje celosten pristop in strmi h kontinuiranemu izvajanju dejavnosti, ki dokazano prispevajo k doseganju bolj\u0161ih rezultatov. Namen programa je, da vklju\u010deni vrtci spodbujajo, omogo\u010dajo in krepijo zdravje vseh, ki vstopajo v [&hellip;]<\/p>\n","protected":false},"author":2,"featured_media":0,"parent":0,"menu_order":0,"comment_status":"closed","ping_status":"closed","template":"","meta":{"footnotes":""},"class_list":["post-6182","page","type-page","status-publish","hentry"],"_links":{"self":[{"href":"https:\/\/vrtec-radenci.si\/index.php?rest_route=\/wp\/v2\/pages\/6182","targetHints":{"allow":["GET"]}}],"collection":[{"href":"https:\/\/vrtec-radenci.si\/index.php?rest_route=\/wp\/v2\/pages"}],"about":[{"href":"https:\/\/vrtec-radenci.si\/index.php?rest_route=\/wp\/v2\/types\/page"}],"author":[{"embeddable":true,"href":"https:\/\/vrtec-radenci.si\/index.php?rest_route=\/wp\/v2\/users\/2"}],"replies":[{"embeddable":true,"href":"https:\/\/vrtec-radenci.si\/index.php?rest_route=%2Fwp%2Fv2%2Fcomments&post=6182"}],"version-history":[{"count":1,"href":"https:\/\/vrtec-radenci.si\/index.php?rest_route=\/wp\/v2\/pages\/6182\/revisions"}],"predecessor-version":[{"id":6184,"href":"https:\/\/vrtec-radenci.si\/index.php?rest_route=\/wp\/v2\/pages\/6182\/revisions\/6184"}],"wp:attachment":[{"href":"https:\/\/vrtec-radenci.si\/index.php?rest_route=%2Fwp%2Fv2%2Fmedia&parent=6182"}],"curies":[{"name":"wp","href":"https:\/\/api.w.org\/{rel}","templated":true}]}}