{"id":6185,"date":"2025-02-10T13:56:06","date_gmt":"2025-02-10T13:56:06","guid":{"rendered":"https:\/\/vrtec-radenci.si\/?page_id=6185"},"modified":"2025-02-10T13:56:06","modified_gmt":"2025-02-10T13:56:06","slug":"promocija-zdravja-na-delovnem-mestu","status":"publish","type":"page","link":"https:\/\/vrtec-radenci.si\/?page_id=6185","title":{"rendered":"Promocija zdravja na delovnem mestu"},"content":{"rendered":"<p><u>Cilj<\/u>: Ozave\u0161\u010danje zaposlenih o zdravem na\u010dinu \u017eivljenja in s tem prepre\u010devanja bolezni, ki izhajajo iz nezdravega \u017eivljenjskega sloga.<\/p>\n<p><u>Skupne aktivnosti:<\/u><\/p>\n<ul>\n<li><strong>zdrave prehranjevalne navade<\/strong> (odgovorna oseba: Darija Dresler)<\/li>\n<\/ul>\n<p>&#8211; zagotavljanje zdravega prehranjevanja na delovnem mestu<\/p>\n<ul>\n<li><strong>gibanje za zdrav na\u010din \u017eivljenja<\/strong> (odgovorna oseba: Tajda \u010ceh)\n<ul>\n<li>preventivna vadba med delom \u2013 minutke za zdravje<\/li>\n<li>skupne \u0161portne aktivnosti zaposlenih (pohodi, kolesarjenje, nordijska hoja, \u2026)<\/li>\n<li>nabava pripomo\u010dkov in sredstev za gibanje in zdravje zaposlenih<\/li>\n<\/ul>\n<\/li>\n<\/ul>\n<ul>\n<li><strong>skrb za psihi\u010dno in fizi\u010dno zdravje<\/strong> (odgovorna oseba: Barbara Gomboc, Mario Poto\u010dnik)\n<ul>\n<li>izobra\u017eevanje zaposlenih: predavanje za zaposlene Resno je Stresno (izvajalka Polona Po\u017egan)<\/li>\n<li>neformalno dru\u017eenje zaposlenih (strokovna ekskurzija, team building sre\u010danja, novoletni zaklju\u010dek): strokovna ekskurzija (ogled vrtca, kulturnih znamenitosti)<\/li>\n<\/ul>\n<\/li>\n<\/ul>\n<p><u>Sodelujo\u010di<\/u>: vsi zaposleni vrtca<\/p>\n<p><u>\u010cas trajanja<\/u>: celo \u0161olsko leto<\/p>\n<p>Vrtec krije stro\u0161ke prevoza strokovne ekskurzije za zaposlene. Stro\u0161ke predavanja krijejo \u0161tirje zavodi: Vrtec Radenci \u2013 Radenci mehur\u010dki, Vrtec Manka Golarja Gornja Radgona, Osnovna \u0161ola dr. Antona Trstenjaka Negova in Osnovna \u0161ola Kapela.<\/p>\n","protected":false},"excerpt":{"rendered":"<p>Cilj: Ozave\u0161\u010danje zaposlenih o zdravem na\u010dinu \u017eivljenja in s tem prepre\u010devanja bolezni, ki izhajajo iz nezdravega \u017eivljenjskega sloga. Skupne aktivnosti: zdrave prehranjevalne navade (odgovorna oseba: Darija Dresler) &#8211; zagotavljanje zdravega prehranjevanja na delovnem mestu gibanje za zdrav na\u010din \u017eivljenja (odgovorna oseba: Tajda \u010ceh) preventivna vadba med delom \u2013 minutke za zdravje skupne \u0161portne aktivnosti zaposlenih [&hellip;]<\/p>\n","protected":false},"author":2,"featured_media":0,"parent":0,"menu_order":0,"comment_status":"closed","ping_status":"closed","template":"","meta":{"footnotes":""},"class_list":["post-6185","page","type-page","status-publish","hentry"],"_links":{"self":[{"href":"https:\/\/vrtec-radenci.si\/index.php?rest_route=\/wp\/v2\/pages\/6185","targetHints":{"allow":["GET"]}}],"collection":[{"href":"https:\/\/vrtec-radenci.si\/index.php?rest_route=\/wp\/v2\/pages"}],"about":[{"href":"https:\/\/vrtec-radenci.si\/index.php?rest_route=\/wp\/v2\/types\/page"}],"author":[{"embeddable":true,"href":"https:\/\/vrtec-radenci.si\/index.php?rest_route=\/wp\/v2\/users\/2"}],"replies":[{"embeddable":true,"href":"https:\/\/vrtec-radenci.si\/index.php?rest_route=%2Fwp%2Fv2%2Fcomments&post=6185"}],"version-history":[{"count":1,"href":"https:\/\/vrtec-radenci.si\/index.php?rest_route=\/wp\/v2\/pages\/6185\/revisions"}],"predecessor-version":[{"id":6186,"href":"https:\/\/vrtec-radenci.si\/index.php?rest_route=\/wp\/v2\/pages\/6185\/revisions\/6186"}],"wp:attachment":[{"href":"https:\/\/vrtec-radenci.si\/index.php?rest_route=%2Fwp%2Fv2%2Fmedia&parent=6185"}],"curies":[{"name":"wp","href":"https:\/\/api.w.org\/{rel}","templated":true}]}}